{"id":447,"date":"2024-12-05T21:31:30","date_gmt":"2024-12-05T21:31:30","guid":{"rendered":"https:\/\/culture.hn.tn\/?page_id=447"},"modified":"2024-12-06T10:52:47","modified_gmt":"2024-12-06T10:52:47","slug":"a-propos","status":"publish","type":"page","link":"https:\/\/culture.hn.tn\/ar\/a-propos\/","title":{"rendered":"\u0627\u0644\u0645\u0642\u062f\u0645\u0629"},"content":{"rendered":"<h2 class=\"wp-block-heading\" id=\"objectifs\">\u0627\u0644\u0623\u0647\u062f\u0627\u0641 <\/h2>\n\n\n\n<p>\u0645\u0646\u0635\u0629 \u062b\u0642\u0627\u0641\u064a\u0629 \u0644\u0645\u0646\u0637\u0642\u0629 \u0633\u0648\u0633\u0629\u060c \u0623\u0646\u0634\u0623\u0647\u0627 \u0646\u0627\u062f\u064a \u0627\u0644\u0645\u0639\u0644\u0648\u0645\u0627\u062a\u064a\u0629 \u0641\u064a \u062f\u0627\u0631 \u0627\u0644\u062b\u0642\u0627\u0641\u0629 \u0645\u0633\u0643\u0646\u060c \u0648\u0647\u062f\u0641\u0647\u0627 \u0647\u0648:<\/p>\n\n\n\n<ul class=\"wp-block-list\">\n<li>\u062a\u0646\u0638\u064a\u0645 \u0627\u0644\u0623\u062c\u0646\u062f\u0629 \u0627\u0644\u062b\u0642\u0627\u0641\u064a\u0629 \u0644\u0645\u0646\u0637\u0642\u0629 \u0633\u0648\u0633\u0629 \u0641\u064a \u0645\u0643\u0627\u0646 \u0648\u0627\u062d\u062f\u060c \u0645\u0631\u0626\u064a \u0644\u062c\u0645\u064a\u0639 \u0627\u0644\u0645\u0647\u062a\u0645\u064a\u0646\u060c \u0648\u062a\u0633\u0647\u064a\u0644 \u0639\u0645\u0644\u064a\u0629 \u0646\u0634\u0631 \u0627\u0644\u0623\u062d\u062f\u0627\u062b \u0627\u0644\u062b\u0642\u0627\u0641\u064a\u0629 \u0645\u0646 \u0642\u0628\u0644 \u062f\u0648\u0631 \u0627\u0644\u062b\u0642\u0627\u0641\u0629 \u0646\u0641\u0633\u0647\u0627\u060c \u0648\u0646\u0634\u0631\u0647\u0627 \u0628\u0639\u062f \u0645\u0631\u0627\u062c\u0639\u0629 \u0645\u0646 \u0642\u0628\u0644 \u0627\u0644\u0645\u062f\u064a\u0631. \u0643\u0645\u0627 \u064a\u0633\u0647\u0644 \u0627\u0644\u0628\u062d\u062b \u0639\u0646 \u0627\u0644\u0623\u062d\u062f\u0627\u062b \u062d\u0633\u0628 \u0627\u0644\u0645\u0643\u0627\u0646 \u0623\u0648 \u0627\u0644\u062a\u0627\u0631\u064a\u062e \u0623\u0648 \u0627\u0644\u0641\u062a\u0631\u0629...<\/li>\n\n\n\n<li>\u0625\u0628\u0631\u0627\u0632 \u062c\u0645\u064a\u0639 \u0623\u0646\u0648\u0627\u0639 \u0627\u0644\u0625\u0646\u062a\u0627\u062c \u0627\u0644\u062b\u0642\u0627\u0641\u064a \u0641\u064a \u0645\u0646\u0637\u0642\u0629 \u0633\u0648\u0633\u0629 \u0645\u0646 \u0623\u062c\u0644 \u0627\u0633\u062a\u063a\u0644\u0627\u0644\u0647\u0627 \u0628\u0634\u0643\u0644 \u062c\u064a\u062f \u0648\u0645\u0634\u0627\u0631\u0643\u062a\u0647\u0627 \u0648\u062a\u0631\u0648\u064a\u062c \u0627\u0644\u0645\u0646\u062a\u062c \u0627\u0644\u062b\u0642\u0627\u0641\u064a: \u0627\u0644\u0639\u0631\u0648\u0636 \u0627\u0644\u0645\u0648\u0633\u064a\u0642\u064a\u0629\u060c \u0627\u0644\u0639\u0631\u0648\u0636 \u0627\u0644\u062a\u0631\u0641\u064a\u0647\u064a\u0629\u060c \u0627\u0644\u0645\u0633\u0631\u062d\u060c \u0627\u0644\u062d\u0631\u0641 \u0627\u0644\u064a\u062f\u0648\u064a\u0629\u060c \u0627\u0644\u062a\u0631\u0627\u062b\u064a\u0629\u060c \u0648\u063a\u064a\u0631\u0647\u0627... <\/li>\n<\/ul>\n\n\n\n<div class=\"wp-block-stackable-columns stk-block-columns stk-block stk-dbad84a\" data-block-id=\"dbad84a\"><div class=\"stk-row stk-inner-blocks stk-block-content stk-content-align stk-dbad84a-column\">\n<div class=\"wp-block-stackable-column stk-block-column stk-column stk-block stk-84867c3\" data-v=\"4\" data-block-id=\"84867c3\"><div class=\"stk-column-wrapper stk-block-column__content stk-container stk-84867c3-container stk--no-background stk--no-padding\"><div class=\"stk-block-content stk-inner-blocks stk-84867c3-inner-blocks\">\n<div class=\"wp-block-stackable-team-member stk-block-team-member stk-block stk-5eee450 is-style-default\" data-v=\"2\" data-block-id=\"5eee450\"><div class=\"stk-block-team-member__content stk-content-align stk-5eee450-column stk-container stk-5eee450-container stk-hover-parent\"><div class=\"stk-block-content stk-inner-blocks has-text-align-center stk-5eee450-inner-blocks\">\n<div class=\"wp-block-stackable-image stk-block-image stk-block stk-10b7da7\" data-block-id=\"10b7da7\"><style>.stk-10b7da7 .stk-img-wrapper{width:215px !important;height:215px !important;}.stk-10b7da7 .stk-img-wrapper img, .stk-10b7da7 .stk-img-wrapper::after, .stk-10b7da7 .stk-img-wrapper::before{mask-image:url('data:image\/svg+xml;base64,PHN2ZyB4bWxucz0iaHR0cDovL3d3dy53My5vcmcvMjAwMC9zdmciIHZpZXdCb3g9IjAgMCAxMDAgMTAwIiBwcmVzZXJ2ZUFzcGVjdFJhdGlvPSJub25lIj48Y2lyY2xlIGN4PSI1MCIgY3k9IjUwIiByPSI1MCI+PC9jaXJjbGU+PC9zdmc+') !important;-webkit-mask-image:url('data:image\/svg+xml;base64,PHN2ZyB4bWxucz0iaHR0cDovL3d3dy53My5vcmcvMjAwMC9zdmciIHZpZXdCb3g9IjAgMCAxMDAgMTAwIiBwcmVzZXJ2ZUFzcGVjdFJhdGlvPSJub25lIj48Y2lyY2xlIGN4PSI1MCIgY3k9IjUwIiByPSI1MCI+PC9jaXJjbGU+PC9zdmc+') !important;}<\/style><figure><span class=\"stk-img-wrapper stk-img--shape stk-image--shape-stretch\"><img loading=\"lazy\" decoding=\"async\" class=\"stk-img wp-image-451\" src=\"https:\/\/culture.hn.tn\/wp-content\/uploads\/2024\/12\/Screenshot_2024-12-06-07-04-59-855_com.facebook.katana-edit.jpg\" width=\"364\" height=\"371\" srcset=\"https:\/\/culture.hn.tn\/wp-content\/uploads\/2024\/12\/Screenshot_2024-12-06-07-04-59-855_com.facebook.katana-edit.jpg 364w, https:\/\/culture.hn.tn\/wp-content\/uploads\/2024\/12\/Screenshot_2024-12-06-07-04-59-855_com.facebook.katana-edit-294x300.jpg 294w, https:\/\/culture.hn.tn\/wp-content\/uploads\/2024\/12\/Screenshot_2024-12-06-07-04-59-855_com.facebook.katana-edit-103x105.jpg 103w\" sizes=\"auto, (max-width: 364px) 100vw, 364px\" \/><\/span><\/figure><\/div>\n\n\n\n<div class=\"wp-block-stackable-heading stk-block-heading stk-block-heading--v2 stk-block stk-daf99f1\" id=\"abderrahmane-ben-abdallah\" data-block-id=\"daf99f1\"><h3 class=\"stk-block-heading__text\">Abderrahmane ben Abdallah <\/h3><\/div>\n\n\n\n<div class=\"wp-block-stackable-subtitle stk-block-subtitle stk-block stk-8f8b6d4\" data-block-id=\"8f8b6d4\"><p class=\"stk-block-subtitle__text stk-subtitle\">Position &#8230;.<\/p><\/div>\n\n\n\n<div class=\"wp-block-stackable-text stk-block-text stk-block stk-00dbd56\" data-block-id=\"00dbd56\"><p class=\"stk-block-text__text\">Description &#8230;&#8230;&#8230;<\/p><\/div>\n\n\n\n<div class=\"wp-block-stackable-button-group stk-block-button-group stk-block stk-e67e46a\" data-block-id=\"e67e46a\"><style>.stk-e67e46a .stk-button-group{flex-direction:row !important;}@media screen and (max-width: 1023px){.stk-e67e46a .stk-button-group{flex-direction:row !important;}}@media screen and (max-width: 767px){.stk-e67e46a .stk-button-group{flex-direction:row !important;}}<\/style><div class=\"stk-row stk-inner-blocks stk-block-content stk-button-group\">\n<div class=\"wp-block-stackable-icon-button stk-block-icon-button stk-block stk-21bc030\" data-block-id=\"21bc030\"><style>.stk-21bc030 .stk-button{background:#3b5998 !important;}<\/style><a class=\"stk-link stk-button stk--hover-effect-darken\" href=\"\"><span class=\"stk--svg-wrapper\"><div class=\"stk--inner-svg\"><svg data-prefix=\"fab\" data-icon=\"facebook-square\" class=\"svg-inline--fa fa-facebook-square fa-w-14\" xmlns=\"http:\/\/www.w3.org\/2000\/svg\" viewbox=\"0 0 448 512\" aria-hidden=\"true\" width=\"32\" height=\"32\"><path fill=\"currentColor\" d=\"M400 32H48A48 48 0 0 0 0 80v352a48 48 0 0 0 48 48h137.25V327.69h-63V256h63v-54.64c0-62.15 37-96.48 93.67-96.48 27.14 0 55.52 4.84 55.52 4.84v61h-31.27c-30.81 0-40.42 19.12-40.42 38.73V256h68.78l-11 71.69h-57.78V480H400a48 48 0 0 0 48-48V80a48 48 0 0 0-48-48z\"><\/path><\/svg><\/div><\/span><\/a><\/div>\n\n\n\n<div class=\"wp-block-stackable-icon-button stk-block-icon-button stk-block stk-c2f2945\" data-block-id=\"c2f2945\"><style>.stk-c2f2945 .stk-button{background:#00acee !important;}<\/style><a class=\"stk-link stk-button stk--hover-effect-darken\" href=\"\"><span class=\"stk--svg-wrapper\"><div class=\"stk--inner-svg\"><svg data-prefix=\"fab\" data-icon=\"twitter\" class=\"svg-inline--fa fa-twitter fa-w-16\" xmlns=\"http:\/\/www.w3.org\/2000\/svg\" viewbox=\"0 0 512 512\" aria-hidden=\"true\" width=\"32\" height=\"32\"><path fill=\"currentColor\" d=\"M459.37 151.716c.325 4.548.325 9.097.325 13.645 0 138.72-105.583 298.558-298.558 298.558-59.452 0-114.68-17.219-161.137-47.106 8.447.974 16.568 1.299 25.34 1.299 49.055 0 94.213-16.568 130.274-44.832-46.132-.975-84.792-31.188-98.112-72.772 6.498.974 12.995 1.624 19.818 1.624 9.421 0 18.843-1.3 27.614-3.573-48.081-9.747-84.143-51.98-84.143-102.985v-1.299c13.969 7.797 30.214 12.67 47.431 13.319-28.264-18.843-46.781-51.005-46.781-87.391 0-19.492 5.197-37.36 14.294-52.954 51.655 63.675 129.3 105.258 216.365 109.807-1.624-7.797-2.599-15.918-2.599-24.04 0-57.828 46.782-104.934 104.934-104.934 30.213 0 57.502 12.67 76.67 33.137 23.715-4.548 46.456-13.32 66.599-25.34-7.798 24.366-24.366 44.833-46.132 57.827 21.117-2.273 41.584-8.122 60.426-16.243-14.292 20.791-32.161 39.308-52.628 54.253z\"><\/path><\/svg><\/div><\/span><\/a><\/div>\n\n\n\n<div class=\"wp-block-stackable-icon-button stk-block-icon-button stk-block stk-789e50a\" data-block-id=\"789e50a\"><style>.stk-789e50a .stk-button{background:#c13584 !important;}<\/style><a class=\"stk-link stk-button stk--hover-effect-darken\" href=\"\"><span class=\"stk--svg-wrapper\"><div class=\"stk--inner-svg\"><svg data-prefix=\"fab\" data-icon=\"instagram\" class=\"svg-inline--fa fa-instagram fa-w-14\" xmlns=\"http:\/\/www.w3.org\/2000\/svg\" viewbox=\"0 0 448 512\" aria-hidden=\"true\" width=\"32\" height=\"32\"><path fill=\"currentColor\" d=\"M224.1 141c-63.6 0-114.9 51.3-114.9 114.9s51.3 114.9 114.9 114.9S339 319.5 339 255.9 287.7 141 224.1 141zm0 189.6c-41.1 0-74.7-33.5-74.7-74.7s33.5-74.7 74.7-74.7 74.7 33.5 74.7 74.7-33.6 74.7-74.7 74.7zm146.4-194.3c0 14.9-12 26.8-26.8 26.8-14.9 0-26.8-12-26.8-26.8s12-26.8 26.8-26.8 26.8 12 26.8 26.8zm76.1 27.2c-1.7-35.9-9.9-67.7-36.2-93.9-26.2-26.2-58-34.4-93.9-36.2-37-2.1-147.9-2.1-184.9 0-35.8 1.7-67.6 9.9-93.9 36.1s-34.4 58-36.2 93.9c-2.1 37-2.1 147.9 0 184.9 1.7 35.9 9.9 67.7 36.2 93.9s58 34.4 93.9 36.2c37 2.1 147.9 2.1 184.9 0 35.9-1.7 67.7-9.9 93.9-36.2 26.2-26.2 34.4-58 36.2-93.9 2.1-37 2.1-147.8 0-184.8zM398.8 388c-7.8 19.6-22.9 34.7-42.6 42.6-29.5 11.7-99.5 9-132.1 9s-102.7 2.6-132.1-9c-19.6-7.8-34.7-22.9-42.6-42.6-11.7-29.5-9-99.5-9-132.1s-2.6-102.7 9-132.1c7.8-19.6 22.9-34.7 42.6-42.6 29.5-11.7 99.5-9 132.1-9s102.7-2.6 132.1 9c19.6 7.8 34.7 22.9 42.6 42.6 11.7 29.5 9 99.5 9 132.1s2.7 102.7-9 132.1z\"><\/path><\/svg><\/div><\/span><\/a><\/div>\n\n\n\n<div class=\"wp-block-stackable-icon-button stk-block-icon-button stk-block stk-7be1954\" data-block-id=\"7be1954\"><style>.stk-7be1954 .stk-button{background:#c4302b !important;}<\/style><a class=\"stk-link stk-button stk--hover-effect-darken\" href=\"\"><span class=\"stk--svg-wrapper\"><div class=\"stk--inner-svg\"><svg data-prefix=\"fab\" data-icon=\"youtube\" class=\"svg-inline--fa fa-youtube fa-w-18\" xmlns=\"http:\/\/www.w3.org\/2000\/svg\" viewbox=\"0 0 576 512\" aria-hidden=\"true\" width=\"32\" height=\"32\"><path fill=\"currentColor\" d=\"M549.655 124.083c-6.281-23.65-24.787-42.276-48.284-48.597C458.781 64 288 64 288 64S117.22 64 74.629 75.486c-23.497 6.322-42.003 24.947-48.284 48.597-11.412 42.867-11.412 132.305-11.412 132.305s0 89.438 11.412 132.305c6.281 23.65 24.787 41.5 48.284 47.821C117.22 448 288 448 288 448s170.78 0 213.371-11.486c23.497-6.321 42.003-24.171 48.284-47.821 11.412-42.867 11.412-132.305 11.412-132.305s0-89.438-11.412-132.305zm-317.51 213.508V175.185l142.739 81.205-142.739 81.201z\"><\/path><\/svg><\/div><\/span><\/a><\/div>\n\n\n\n<div class=\"wp-block-stackable-icon-button stk-block-icon-button stk-block stk-65c5ac4\" data-block-id=\"65c5ac4\"><style>.stk-65c5ac4 .stk-button{background:#0e76a8 !important;}<\/style><a class=\"stk-link stk-button stk--hover-effect-darken\" href=\"\"><span class=\"stk--svg-wrapper\"><div class=\"stk--inner-svg\"><svg data-prefix=\"fab\" data-icon=\"linkedin-in\" class=\"svg-inline--fa fa-linkedin-in fa-w-14\" xmlns=\"http:\/\/www.w3.org\/2000\/svg\" viewbox=\"0 0 448 512\" aria-hidden=\"true\" width=\"32\" height=\"32\"><path fill=\"currentColor\" d=\"M100.28 448H7.4V148.9h92.88zM53.79 108.1C24.09 108.1 0 83.5 0 53.8a53.79 53.79 0 0 1 107.58 0c0 29.7-24.1 54.3-53.79 54.3zM447.9 448h-92.68V302.4c0-34.7-.7-79.2-48.29-79.2-48.29 0-55.69 37.7-55.69 76.7V448h-92.78V148.9h89.08v40.8h1.3c12.4-23.5 42.69-48.3 87.88-48.3 94 0 111.28 61.9 111.28 142.3V448z\"><\/path><\/svg><\/div><\/span><\/a><\/div>\n<\/div><\/div>\n<\/div><\/div><\/div>\n<\/div><\/div><\/div>\n\n\n\n<div class=\"wp-block-stackable-column stk-block-column stk-column stk-block stk-1c5e70a\" data-v=\"4\" data-block-id=\"1c5e70a\"><div class=\"stk-column-wrapper stk-block-column__content stk-container stk-1c5e70a-container stk--no-background stk--no-padding\"><div class=\"stk-block-content stk-inner-blocks stk-1c5e70a-inner-blocks\">\n<div class=\"wp-block-stackable-team-member stk-block-team-member stk-block stk-32cb433 is-style-default\" data-v=\"2\" data-block-id=\"32cb433\"><div class=\"stk-block-team-member__content stk-content-align stk-32cb433-column stk-container stk-32cb433-container stk-hover-parent\"><div class=\"stk-block-content stk-inner-blocks has-text-align-center stk-32cb433-inner-blocks\">\n<div class=\"wp-block-stackable-image stk-block-image stk-block stk-e4e4c25\" data-block-id=\"e4e4c25\"><style>.stk-e4e4c25 .stk-img-wrapper{width:211px !important;height:211px !important;}.stk-e4e4c25 .stk-img-wrapper img, .stk-e4e4c25 .stk-img-wrapper::after, .stk-e4e4c25 .stk-img-wrapper::before{mask-image:url('data:image\/svg+xml;base64,PHN2ZyB4bWxucz0iaHR0cDovL3d3dy53My5vcmcvMjAwMC9zdmciIHZpZXdCb3g9IjAgMCAxMDAgMTAwIiBwcmVzZXJ2ZUFzcGVjdFJhdGlvPSJub25lIj48Y2lyY2xlIGN4PSI1MCIgY3k9IjUwIiByPSI1MCI+PC9jaXJjbGU+PC9zdmc+') !important;-webkit-mask-image:url('data:image\/svg+xml;base64,PHN2ZyB4bWxucz0iaHR0cDovL3d3dy53My5vcmcvMjAwMC9zdmciIHZpZXdCb3g9IjAgMCAxMDAgMTAwIiBwcmVzZXJ2ZUFzcGVjdFJhdGlvPSJub25lIj48Y2lyY2xlIGN4PSI1MCIgY3k9IjUwIiByPSI1MCI+PC9jaXJjbGU+PC9zdmc+') !important;}<\/style><figure><span class=\"stk-img-wrapper stk-img--shape stk-image--shape-stretch\"><img loading=\"lazy\" decoding=\"async\" class=\"stk-img wp-image-452\" src=\"https:\/\/culture.hn.tn\/wp-content\/uploads\/2024\/12\/1733464935134.jpg\" width=\"750\" height=\"750\" srcset=\"https:\/\/culture.hn.tn\/wp-content\/uploads\/2024\/12\/1733464935134.jpg 750w, https:\/\/culture.hn.tn\/wp-content\/uploads\/2024\/12\/1733464935134-300x300.jpg 300w, https:\/\/culture.hn.tn\/wp-content\/uploads\/2024\/12\/1733464935134-150x150.jpg 150w, https:\/\/culture.hn.tn\/wp-content\/uploads\/2024\/12\/1733464935134-310x310.jpg 310w, https:\/\/culture.hn.tn\/wp-content\/uploads\/2024\/12\/1733464935134-105x105.jpg 105w\" sizes=\"auto, (max-width: 750px) 100vw, 750px\" \/><\/span><\/figure><\/div>\n\n\n\n<div class=\"wp-block-stackable-heading stk-block-heading stk-block-heading--v2 stk-block stk-16de694\" id=\"hafedh-nouir\" data-block-id=\"16de694\"><h3 class=\"stk-block-heading__text\">Hafedh Nouir<\/h3><\/div>\n\n\n\n<div class=\"wp-block-stackable-subtitle stk-block-subtitle stk-block stk-d2fb3d9\" data-block-id=\"d2fb3d9\"><p class=\"stk-block-subtitle__text stk-subtitle\">Animateur Club Informatique<\/p><\/div>\n\n\n\n<div class=\"wp-block-stackable-text stk-block-text stk-block stk-3b75e5d\" data-block-id=\"3b75e5d\"><p class=\"stk-block-text__text\">Animateur du Club informatique de la maison de culture de Msaken<\/p><\/div>\n\n\n\n<div class=\"wp-block-stackable-button-group stk-block-button-group stk-block stk-d8a287b\" data-block-id=\"d8a287b\"><style>.stk-d8a287b .stk-button-group{flex-direction:row !important;}@media screen and (max-width: 1023px){.stk-d8a287b .stk-button-group{flex-direction:row !important;}}@media screen and (max-width: 767px){.stk-d8a287b .stk-button-group{flex-direction:row !important;}}<\/style><div class=\"stk-row stk-inner-blocks stk-block-content stk-button-group\">\n<div class=\"wp-block-stackable-icon-button stk-block-icon-button stk-block stk-779f972\" data-block-id=\"779f972\"><style>.stk-779f972 .stk-button{background:#3b5998 !important;}<\/style><a class=\"stk-link stk-button stk--hover-effect-darken\" href=\"\"><span class=\"stk--svg-wrapper\"><div class=\"stk--inner-svg\"><svg data-prefix=\"fab\" data-icon=\"facebook-square\" class=\"svg-inline--fa fa-facebook-square fa-w-14\" xmlns=\"http:\/\/www.w3.org\/2000\/svg\" viewbox=\"0 0 448 512\" aria-hidden=\"true\" width=\"32\" height=\"32\"><path fill=\"currentColor\" d=\"M400 32H48A48 48 0 0 0 0 80v352a48 48 0 0 0 48 48h137.25V327.69h-63V256h63v-54.64c0-62.15 37-96.48 93.67-96.48 27.14 0 55.52 4.84 55.52 4.84v61h-31.27c-30.81 0-40.42 19.12-40.42 38.73V256h68.78l-11 71.69h-57.78V480H400a48 48 0 0 0 48-48V80a48 48 0 0 0-48-48z\"><\/path><\/svg><\/div><\/span><\/a><\/div>\n\n\n\n<div class=\"wp-block-stackable-icon-button stk-block-icon-button stk-block stk-3e169ea\" data-block-id=\"3e169ea\"><style>.stk-3e169ea .stk-button{background:#00acee !important;}<\/style><a class=\"stk-link stk-button stk--hover-effect-darken\" href=\"\"><span class=\"stk--svg-wrapper\"><div class=\"stk--inner-svg\"><svg data-prefix=\"fab\" data-icon=\"twitter\" class=\"svg-inline--fa fa-twitter fa-w-16\" xmlns=\"http:\/\/www.w3.org\/2000\/svg\" viewbox=\"0 0 512 512\" aria-hidden=\"true\" width=\"32\" height=\"32\"><path fill=\"currentColor\" d=\"M459.37 151.716c.325 4.548.325 9.097.325 13.645 0 138.72-105.583 298.558-298.558 298.558-59.452 0-114.68-17.219-161.137-47.106 8.447.974 16.568 1.299 25.34 1.299 49.055 0 94.213-16.568 130.274-44.832-46.132-.975-84.792-31.188-98.112-72.772 6.498.974 12.995 1.624 19.818 1.624 9.421 0 18.843-1.3 27.614-3.573-48.081-9.747-84.143-51.98-84.143-102.985v-1.299c13.969 7.797 30.214 12.67 47.431 13.319-28.264-18.843-46.781-51.005-46.781-87.391 0-19.492 5.197-37.36 14.294-52.954 51.655 63.675 129.3 105.258 216.365 109.807-1.624-7.797-2.599-15.918-2.599-24.04 0-57.828 46.782-104.934 104.934-104.934 30.213 0 57.502 12.67 76.67 33.137 23.715-4.548 46.456-13.32 66.599-25.34-7.798 24.366-24.366 44.833-46.132 57.827 21.117-2.273 41.584-8.122 60.426-16.243-14.292 20.791-32.161 39.308-52.628 54.253z\"><\/path><\/svg><\/div><\/span><\/a><\/div>\n\n\n\n<div class=\"wp-block-stackable-icon-button stk-block-icon-button stk-block stk-aa28e91\" data-block-id=\"aa28e91\"><style>.stk-aa28e91 .stk-button{background:#c13584 !important;}<\/style><a class=\"stk-link stk-button stk--hover-effect-darken\" href=\"\"><span class=\"stk--svg-wrapper\"><div class=\"stk--inner-svg\"><svg data-prefix=\"fab\" data-icon=\"instagram\" class=\"svg-inline--fa fa-instagram fa-w-14\" xmlns=\"http:\/\/www.w3.org\/2000\/svg\" viewbox=\"0 0 448 512\" aria-hidden=\"true\" width=\"32\" height=\"32\"><path fill=\"currentColor\" d=\"M224.1 141c-63.6 0-114.9 51.3-114.9 114.9s51.3 114.9 114.9 114.9S339 319.5 339 255.9 287.7 141 224.1 141zm0 189.6c-41.1 0-74.7-33.5-74.7-74.7s33.5-74.7 74.7-74.7 74.7 33.5 74.7 74.7-33.6 74.7-74.7 74.7zm146.4-194.3c0 14.9-12 26.8-26.8 26.8-14.9 0-26.8-12-26.8-26.8s12-26.8 26.8-26.8 26.8 12 26.8 26.8zm76.1 27.2c-1.7-35.9-9.9-67.7-36.2-93.9-26.2-26.2-58-34.4-93.9-36.2-37-2.1-147.9-2.1-184.9 0-35.8 1.7-67.6 9.9-93.9 36.1s-34.4 58-36.2 93.9c-2.1 37-2.1 147.9 0 184.9 1.7 35.9 9.9 67.7 36.2 93.9s58 34.4 93.9 36.2c37 2.1 147.9 2.1 184.9 0 35.9-1.7 67.7-9.9 93.9-36.2 26.2-26.2 34.4-58 36.2-93.9 2.1-37 2.1-147.8 0-184.8zM398.8 388c-7.8 19.6-22.9 34.7-42.6 42.6-29.5 11.7-99.5 9-132.1 9s-102.7 2.6-132.1-9c-19.6-7.8-34.7-22.9-42.6-42.6-11.7-29.5-9-99.5-9-132.1s-2.6-102.7 9-132.1c7.8-19.6 22.9-34.7 42.6-42.6 29.5-11.7 99.5-9 132.1-9s102.7-2.6 132.1 9c19.6 7.8 34.7 22.9 42.6 42.6 11.7 29.5 9 99.5 9 132.1s2.7 102.7-9 132.1z\"><\/path><\/svg><\/div><\/span><\/a><\/div>\n\n\n\n<div class=\"wp-block-stackable-icon-button stk-block-icon-button stk-block stk-b8a8056\" data-block-id=\"b8a8056\"><style>.stk-b8a8056 .stk-button{background:#c4302b !important;}<\/style><a class=\"stk-link stk-button stk--hover-effect-darken\" href=\"\"><span class=\"stk--svg-wrapper\"><div class=\"stk--inner-svg\"><svg data-prefix=\"fab\" data-icon=\"youtube\" class=\"svg-inline--fa fa-youtube fa-w-18\" xmlns=\"http:\/\/www.w3.org\/2000\/svg\" viewbox=\"0 0 576 512\" aria-hidden=\"true\" width=\"32\" height=\"32\"><path fill=\"currentColor\" d=\"M549.655 124.083c-6.281-23.65-24.787-42.276-48.284-48.597C458.781 64 288 64 288 64S117.22 64 74.629 75.486c-23.497 6.322-42.003 24.947-48.284 48.597-11.412 42.867-11.412 132.305-11.412 132.305s0 89.438 11.412 132.305c6.281 23.65 24.787 41.5 48.284 47.821C117.22 448 288 448 288 448s170.78 0 213.371-11.486c23.497-6.321 42.003-24.171 48.284-47.821 11.412-42.867 11.412-132.305 11.412-132.305s0-89.438-11.412-132.305zm-317.51 213.508V175.185l142.739 81.205-142.739 81.201z\"><\/path><\/svg><\/div><\/span><\/a><\/div>\n\n\n\n<div class=\"wp-block-stackable-icon-button stk-block-icon-button stk-block stk-0d3f7de\" data-block-id=\"0d3f7de\"><style>.stk-0d3f7de .stk-button{background:#0e76a8 !important;}<\/style><a class=\"stk-link stk-button stk--hover-effect-darken\" href=\"\"><span class=\"stk--svg-wrapper\"><div class=\"stk--inner-svg\"><svg data-prefix=\"fab\" data-icon=\"linkedin-in\" class=\"svg-inline--fa fa-linkedin-in fa-w-14\" xmlns=\"http:\/\/www.w3.org\/2000\/svg\" viewbox=\"0 0 448 512\" aria-hidden=\"true\" width=\"32\" height=\"32\"><path fill=\"currentColor\" d=\"M100.28 448H7.4V148.9h92.88zM53.79 108.1C24.09 108.1 0 83.5 0 53.8a53.79 53.79 0 0 1 107.58 0c0 29.7-24.1 54.3-53.79 54.3zM447.9 448h-92.68V302.4c0-34.7-.7-79.2-48.29-79.2-48.29 0-55.69 37.7-55.69 76.7V448h-92.78V148.9h89.08v40.8h1.3c12.4-23.5 42.69-48.3 87.88-48.3 94 0 111.28 61.9 111.28 142.3V448z\"><\/path><\/svg><\/div><\/span><\/a><\/div>\n<\/div><\/div>\n<\/div><\/div><\/div>\n<\/div><\/div><\/div>\n<\/div><\/div>\n\n\n\n<p><\/p>","protected":false},"excerpt":{"rendered":"<p>Objectifs : Plateforme Culturelle de la r\u00e9gion de Sousse , r\u00e9alis\u00e9e par le club informatique de la maison de culture Msaken dont l&rsquo;objectif est : Abderrahmane ben Abdallah Position &#8230;. Description &#8230;&#8230;&#8230; Hafedh Nouir Animateur Club Informatique Animateur du Club informatique de la maison de culture de Msaken<\/p>","protected":false},"author":1,"featured_media":0,"parent":0,"menu_order":0,"comment_status":"closed","ping_status":"closed","template":"","meta":{"_gspb_post_css":"","footnotes":""},"class_list":["post-447","page","type-page","status-publish","hentry"],"blocksy_meta":{"page_structure_type":"type-4","styles_descriptor":{"styles":{"desktop":"[data-prefix=\"single_page\"] [class*=\"ct-container\"] > article[class*=\"post\"] {--has-boxed:var(--true);--has-wide:var(--false);background-color:var(--has-background, var(--theme-palette-color-8));--theme-boxed-content-border-radius:3px;--theme-boxed-content-spacing:40px;--theme-boxed-content-box-shadow:0px 12px 18px -6px rgba(34, 56, 101, 0.04);}","tablet":"[data-prefix=\"single_page\"] [class*=\"ct-container\"] > article[class*=\"post\"] {--theme-boxed-content-spacing:35px;}","mobile":"[data-prefix=\"single_page\"] [class*=\"ct-container\"] > article[class*=\"post\"] {--has-boxed:var(--false);--has-wide:var(--true);--theme-boxed-content-spacing:20px;}"},"google_fonts":[],"version":6},"content_style_source":"custom","content_style":{"desktop":"boxed","tablet":"boxed","mobile":"wide","__changed":["mobile"]},"vertical_spacing_source":"custom","content_area_spacing":"both"},"_links":{"self":[{"href":"https:\/\/culture.hn.tn\/ar\/wp-json\/wp\/v2\/pages\/447","targetHints":{"allow":["GET"]}}],"collection":[{"href":"https:\/\/culture.hn.tn\/ar\/wp-json\/wp\/v2\/pages"}],"about":[{"href":"https:\/\/culture.hn.tn\/ar\/wp-json\/wp\/v2\/types\/page"}],"author":[{"embeddable":true,"href":"https:\/\/culture.hn.tn\/ar\/wp-json\/wp\/v2\/users\/1"}],"replies":[{"embeddable":true,"href":"https:\/\/culture.hn.tn\/ar\/wp-json\/wp\/v2\/comments?post=447"}],"version-history":[{"count":7,"href":"https:\/\/culture.hn.tn\/ar\/wp-json\/wp\/v2\/pages\/447\/revisions"}],"predecessor-version":[{"id":467,"href":"https:\/\/culture.hn.tn\/ar\/wp-json\/wp\/v2\/pages\/447\/revisions\/467"}],"wp:attachment":[{"href":"https:\/\/culture.hn.tn\/ar\/wp-json\/wp\/v2\/media?parent=447"}],"curies":[{"name":"wp","href":"https:\/\/api.w.org\/{rel}","templated":true}]}}